{"id":6134,"date":"2023-09-25T18:47:10","date_gmt":"2023-09-25T18:47:10","guid":{"rendered":"https:\/\/biogenesisfarmacia.com\/?post_type=product&#038;p=6134"},"modified":"2026-01-13T16:13:19","modified_gmt":"2026-01-13T16:13:19","slug":"bi-colag-500-ml","status":"publish","type":"product","link":"https:\/\/biogenesisfarmacia.com\/index.php\/producto\/bi-colag-500-ml\/","title":{"rendered":"BI Colag 500 ML"},"content":{"rendered":"<p><strong>Contraindicaciones, precauciones y advertencias:<\/strong><\/p>\n<p>Hipersensibilidad a alguno de los componentes.<\/p>\n","protected":false},"excerpt":{"rendered":"<p>El col\u00e1geno es una prote\u00edna que est\u00e1 presente en todo el cuerpo en tejidos como piel, ligamentos, tendones, huesos y cart\u00edlagos, y es indispensable para mantener su elasticidad, promover su regeneraci\u00f3n y retardar el envejecimiento. A lo largo de la vida el organismo pierde col\u00e1geno, raz\u00f3n por la que pueden desencadenarse diversas dolencias por su insuficiencia. BI COLAG es una alternativa que\u00a0ofrece un gran aporte diario de col\u00e1geno.<\/p>\n<ul>\n<li>Tomar 2 o 3 cucharadas al d\u00eda (puede diluirlas en agua o jugos), preferiblemente alrededor de las 5 pm para mayor aprovechamiento.<\/li>\n<li>Una vez abierto eliminar el tap\u00f3n del frasco, refrigerar y consumir en el menor tiempo posible.<\/li>\n<li>No tomar directamente del frasco para evitar contaminaci\u00f3n del producto.<\/li>\n<li>No contiene az\u00facar. Endulzado con Stevia.<\/li>\n<\/ul>\n","protected":false},"featured_media":6135,"template":"","meta":{"_joinchat":[]},"product_brand":[],"product_cat":[51,330],"product_tag":[],"class_list":{"0":"post-6134","1":"product","2":"type-product","3":"status-publish","4":"has-post-thumbnail","6":"product_cat-natural-care","7":"product_cat-productos","9":"first","10":"instock","11":"taxable","12":"shipping-taxable","13":"purchasable","14":"product-type-simple"},"yoast_head":"<!-- This site is optimized with the Yoast SEO plugin v26.8 - https:\/\/yoast.com\/product\/yoast-seo-wordpress\/ -->\n<title>BI Colag 500 ML - Biog\u00e9nesis<\/title>\n<meta name=\"robots\" content=\"index, follow, max-snippet:-1, max-image-preview:large, max-video-preview:-1\" \/>\n<link rel=\"canonical\" href=\"https:\/\/biogenesisfarmacia.com\/index.php\/producto\/bi-colag-500-ml\/\" \/>\n<meta property=\"og:locale\" content=\"es_ES\" \/>\n<meta property=\"og:type\" content=\"article\" \/>\n<meta property=\"og:title\" content=\"BI Colag 500 ML - Biog\u00e9nesis\" \/>\n<meta property=\"og:description\" content=\"El col\u00e1geno es una prote\u00edna que est\u00e1 presente en todo el cuerpo en tejidos como piel, ligamentos, tendones, huesos y cart\u00edlagos, y es indispensable para mantener su elasticidad, promover su regeneraci\u00f3n y retardar el envejecimiento. A lo largo de la vida el organismo pierde col\u00e1geno, raz\u00f3n por la que pueden desencadenarse diversas dolencias por su insuficiencia. BI COLAG es una alternativa que\u00a0ofrece un gran aporte diario de col\u00e1geno.   Tomar 2 o 3 cucharadas al d\u00eda (puede diluirlas en agua o jugos), preferiblemente alrededor de las 5 pm para mayor aprovechamiento.  Una vez abierto eliminar el tap\u00f3n del frasco, refrigerar y consumir en el menor tiempo posible.  No tomar directamente del frasco para evitar contaminaci\u00f3n del producto.  No contiene az\u00facar. Endulzado con Stevia.\" \/>\n<meta property=\"og:url\" content=\"https:\/\/biogenesisfarmacia.com\/index.php\/producto\/bi-colag-500-ml\/\" \/>\n<meta property=\"og:site_name\" content=\"Biog\u00e9nesis\" \/>\n<meta property=\"article:publisher\" content=\"https:\/\/www.facebook.com\/biogenesisfarmacia\/\" \/>\n<meta property=\"article:modified_time\" content=\"2026-01-13T16:13:19+00:00\" \/>\n<meta property=\"og:image\" content=\"https:\/\/biogenesisfarmacia.com\/wp-content\/uploads\/2023\/09\/3-1.webp\" \/>\n\t<meta property=\"og:image:width\" content=\"1000\" \/>\n\t<meta property=\"og:image:height\" content=\"1000\" \/>\n\t<meta property=\"og:image:type\" content=\"image\/webp\" \/>\n<meta name=\"twitter:card\" content=\"summary_large_image\" \/>\n<meta name=\"twitter:label1\" content=\"Tiempo de lectura\" \/>\n\t<meta name=\"twitter:data1\" content=\"1 minuto\" \/>\n<script type=\"application\/ld+json\" class=\"yoast-schema-graph\">{\"@context\":\"https:\/\/schema.org\",\"@graph\":[{\"@type\":\"WebPage\",\"@id\":\"https:\/\/biogenesisfarmacia.com\/index.php\/producto\/bi-colag-500-ml\/\",\"url\":\"https:\/\/biogenesisfarmacia.com\/index.php\/producto\/bi-colag-500-ml\/\",\"name\":\"BI Colag 500 ML - Biog\u00e9nesis\",\"isPartOf\":{\"@id\":\"https:\/\/biogenesisfarmacia.com\/#website\"},\"primaryImageOfPage\":{\"@id\":\"https:\/\/biogenesisfarmacia.com\/index.php\/producto\/bi-colag-500-ml\/#primaryimage\"},\"image\":{\"@id\":\"https:\/\/biogenesisfarmacia.com\/index.php\/producto\/bi-colag-500-ml\/#primaryimage\"},\"thumbnailUrl\":\"https:\/\/biogenesisfarmacia.com\/wp-content\/uploads\/2023\/09\/3-1.webp\",\"datePublished\":\"2023-09-25T18:47:10+00:00\",\"dateModified\":\"2026-01-13T16:13:19+00:00\",\"breadcrumb\":{\"@id\":\"https:\/\/biogenesisfarmacia.com\/index.php\/producto\/bi-colag-500-ml\/#breadcrumb\"},\"inLanguage\":\"es\",\"potentialAction\":[{\"@type\":\"ReadAction\",\"target\":[\"https:\/\/biogenesisfarmacia.com\/index.php\/producto\/bi-colag-500-ml\/\"]}]},{\"@type\":\"ImageObject\",\"inLanguage\":\"es\",\"@id\":\"https:\/\/biogenesisfarmacia.com\/index.php\/producto\/bi-colag-500-ml\/#primaryimage\",\"url\":\"https:\/\/biogenesisfarmacia.com\/wp-content\/uploads\/2023\/09\/3-1.webp\",\"contentUrl\":\"https:\/\/biogenesisfarmacia.com\/wp-content\/uploads\/2023\/09\/3-1.webp\",\"width\":1000,\"height\":1000},{\"@type\":\"BreadcrumbList\",\"@id\":\"https:\/\/biogenesisfarmacia.com\/index.php\/producto\/bi-colag-500-ml\/#breadcrumb\",\"itemListElement\":[{\"@type\":\"ListItem\",\"position\":1,\"name\":\"Inicio\",\"item\":\"https:\/\/biogenesisfarmacia.com\/\"},{\"@type\":\"ListItem\",\"position\":2,\"name\":\"Tienda\",\"item\":\"https:\/\/biogenesisfarmacia.com\/index.php\/tienda\/\"},{\"@type\":\"ListItem\",\"position\":3,\"name\":\"BI Colag 500 ML\"}]},{\"@type\":\"WebSite\",\"@id\":\"https:\/\/biogenesisfarmacia.com\/#website\",\"url\":\"https:\/\/biogenesisfarmacia.com\/\",\"name\":\"biogenesisfarmacia.com\",\"description\":\"Farmacia Homeopatica\",\"publisher\":{\"@id\":\"https:\/\/biogenesisfarmacia.com\/#organization\"},\"potentialAction\":[{\"@type\":\"SearchAction\",\"target\":{\"@type\":\"EntryPoint\",\"urlTemplate\":\"https:\/\/biogenesisfarmacia.com\/?s={search_term_string}\"},\"query-input\":{\"@type\":\"PropertyValueSpecification\",\"valueRequired\":true,\"valueName\":\"search_term_string\"}}],\"inLanguage\":\"es\"},{\"@type\":\"Organization\",\"@id\":\"https:\/\/biogenesisfarmacia.com\/#organization\",\"name\":\"Biogenesis\",\"url\":\"https:\/\/biogenesisfarmacia.com\/\",\"logo\":{\"@type\":\"ImageObject\",\"inLanguage\":\"es\",\"@id\":\"https:\/\/biogenesisfarmacia.com\/#\/schema\/logo\/image\/\",\"url\":\"https:\/\/biogenesisfarmacia.com\/wp-content\/uploads\/2026\/01\/cropped-logo_alta.png\",\"contentUrl\":\"https:\/\/biogenesisfarmacia.com\/wp-content\/uploads\/2026\/01\/cropped-logo_alta.png\",\"width\":1024,\"height\":611,\"caption\":\"Biogenesis\"},\"image\":{\"@id\":\"https:\/\/biogenesisfarmacia.com\/#\/schema\/logo\/image\/\"},\"sameAs\":[\"https:\/\/www.facebook.com\/biogenesisfarmacia\/\",\"https:\/\/www.instagram.com\/biogenesisfarmacia\/\",\"https:\/\/www.tiktok.com\/@biogenesisfarmacia?lang=es\"]}]}<\/script>\n<!-- \/ Yoast SEO plugin. -->","yoast_head_json":{"title":"BI Colag 500 ML - Biog\u00e9nesis","robots":{"index":"index","follow":"follow","max-snippet":"max-snippet:-1","max-image-preview":"max-image-preview:large","max-video-preview":"max-video-preview:-1"},"canonical":"https:\/\/biogenesisfarmacia.com\/index.php\/producto\/bi-colag-500-ml\/","og_locale":"es_ES","og_type":"article","og_title":"BI Colag 500 ML - Biog\u00e9nesis","og_description":"El col\u00e1geno es una prote\u00edna que est\u00e1 presente en todo el cuerpo en tejidos como piel, ligamentos, tendones, huesos y cart\u00edlagos, y es indispensable para mantener su elasticidad, promover su regeneraci\u00f3n y retardar el envejecimiento. A lo largo de la vida el organismo pierde col\u00e1geno, raz\u00f3n por la que pueden desencadenarse diversas dolencias por su insuficiencia. BI COLAG es una alternativa que\u00a0ofrece un gran aporte diario de col\u00e1geno.   Tomar 2 o 3 cucharadas al d\u00eda (puede diluirlas en agua o jugos), preferiblemente alrededor de las 5 pm para mayor aprovechamiento.  Una vez abierto eliminar el tap\u00f3n del frasco, refrigerar y consumir en el menor tiempo posible.  No tomar directamente del frasco para evitar contaminaci\u00f3n del producto.  No contiene az\u00facar. Endulzado con Stevia.","og_url":"https:\/\/biogenesisfarmacia.com\/index.php\/producto\/bi-colag-500-ml\/","og_site_name":"Biog\u00e9nesis","article_publisher":"https:\/\/www.facebook.com\/biogenesisfarmacia\/","article_modified_time":"2026-01-13T16:13:19+00:00","og_image":[{"width":1000,"height":1000,"url":"https:\/\/biogenesisfarmacia.com\/wp-content\/uploads\/2023\/09\/3-1.webp","type":"image\/webp"}],"twitter_card":"summary_large_image","twitter_misc":{"Tiempo de lectura":"1 minuto"},"schema":{"@context":"https:\/\/schema.org","@graph":[{"@type":"WebPage","@id":"https:\/\/biogenesisfarmacia.com\/index.php\/producto\/bi-colag-500-ml\/","url":"https:\/\/biogenesisfarmacia.com\/index.php\/producto\/bi-colag-500-ml\/","name":"BI Colag 500 ML - Biog\u00e9nesis","isPartOf":{"@id":"https:\/\/biogenesisfarmacia.com\/#website"},"primaryImageOfPage":{"@id":"https:\/\/biogenesisfarmacia.com\/index.php\/producto\/bi-colag-500-ml\/#primaryimage"},"image":{"@id":"https:\/\/biogenesisfarmacia.com\/index.php\/producto\/bi-colag-500-ml\/#primaryimage"},"thumbnailUrl":"https:\/\/biogenesisfarmacia.com\/wp-content\/uploads\/2023\/09\/3-1.webp","datePublished":"2023-09-25T18:47:10+00:00","dateModified":"2026-01-13T16:13:19+00:00","breadcrumb":{"@id":"https:\/\/biogenesisfarmacia.com\/index.php\/producto\/bi-colag-500-ml\/#breadcrumb"},"inLanguage":"es","potentialAction":[{"@type":"ReadAction","target":["https:\/\/biogenesisfarmacia.com\/index.php\/producto\/bi-colag-500-ml\/"]}]},{"@type":"ImageObject","inLanguage":"es","@id":"https:\/\/biogenesisfarmacia.com\/index.php\/producto\/bi-colag-500-ml\/#primaryimage","url":"https:\/\/biogenesisfarmacia.com\/wp-content\/uploads\/2023\/09\/3-1.webp","contentUrl":"https:\/\/biogenesisfarmacia.com\/wp-content\/uploads\/2023\/09\/3-1.webp","width":1000,"height":1000},{"@type":"BreadcrumbList","@id":"https:\/\/biogenesisfarmacia.com\/index.php\/producto\/bi-colag-500-ml\/#breadcrumb","itemListElement":[{"@type":"ListItem","position":1,"name":"Inicio","item":"https:\/\/biogenesisfarmacia.com\/"},{"@type":"ListItem","position":2,"name":"Tienda","item":"https:\/\/biogenesisfarmacia.com\/index.php\/tienda\/"},{"@type":"ListItem","position":3,"name":"BI Colag 500 ML"}]},{"@type":"WebSite","@id":"https:\/\/biogenesisfarmacia.com\/#website","url":"https:\/\/biogenesisfarmacia.com\/","name":"biogenesisfarmacia.com","description":"Farmacia Homeopatica","publisher":{"@id":"https:\/\/biogenesisfarmacia.com\/#organization"},"potentialAction":[{"@type":"SearchAction","target":{"@type":"EntryPoint","urlTemplate":"https:\/\/biogenesisfarmacia.com\/?s={search_term_string}"},"query-input":{"@type":"PropertyValueSpecification","valueRequired":true,"valueName":"search_term_string"}}],"inLanguage":"es"},{"@type":"Organization","@id":"https:\/\/biogenesisfarmacia.com\/#organization","name":"Biogenesis","url":"https:\/\/biogenesisfarmacia.com\/","logo":{"@type":"ImageObject","inLanguage":"es","@id":"https:\/\/biogenesisfarmacia.com\/#\/schema\/logo\/image\/","url":"https:\/\/biogenesisfarmacia.com\/wp-content\/uploads\/2026\/01\/cropped-logo_alta.png","contentUrl":"https:\/\/biogenesisfarmacia.com\/wp-content\/uploads\/2026\/01\/cropped-logo_alta.png","width":1024,"height":611,"caption":"Biogenesis"},"image":{"@id":"https:\/\/biogenesisfarmacia.com\/#\/schema\/logo\/image\/"},"sameAs":["https:\/\/www.facebook.com\/biogenesisfarmacia\/","https:\/\/www.instagram.com\/biogenesisfarmacia\/","https:\/\/www.tiktok.com\/@biogenesisfarmacia?lang=es"]}]}},"_links":{"self":[{"href":"https:\/\/biogenesisfarmacia.com\/index.php\/wp-json\/wp\/v2\/product\/6134","targetHints":{"allow":["GET"]}}],"collection":[{"href":"https:\/\/biogenesisfarmacia.com\/index.php\/wp-json\/wp\/v2\/product"}],"about":[{"href":"https:\/\/biogenesisfarmacia.com\/index.php\/wp-json\/wp\/v2\/types\/product"}],"version-history":[{"count":1,"href":"https:\/\/biogenesisfarmacia.com\/index.php\/wp-json\/wp\/v2\/product\/6134\/revisions"}],"predecessor-version":[{"id":7895,"href":"https:\/\/biogenesisfarmacia.com\/index.php\/wp-json\/wp\/v2\/product\/6134\/revisions\/7895"}],"wp:featuredmedia":[{"embeddable":true,"href":"https:\/\/biogenesisfarmacia.com\/index.php\/wp-json\/wp\/v2\/media\/6135"}],"wp:attachment":[{"href":"https:\/\/biogenesisfarmacia.com\/index.php\/wp-json\/wp\/v2\/media?parent=6134"}],"wp:term":[{"taxonomy":"product_brand","embeddable":true,"href":"https:\/\/biogenesisfarmacia.com\/index.php\/wp-json\/wp\/v2\/product_brand?post=6134"},{"taxonomy":"product_cat","embeddable":true,"href":"https:\/\/biogenesisfarmacia.com\/index.php\/wp-json\/wp\/v2\/product_cat?post=6134"},{"taxonomy":"product_tag","embeddable":true,"href":"https:\/\/biogenesisfarmacia.com\/index.php\/wp-json\/wp\/v2\/product_tag?post=6134"}],"curies":[{"name":"wp","href":"https:\/\/api.w.org\/{rel}","templated":true}]}}