{"id":6138,"date":"2023-09-26T21:18:52","date_gmt":"2023-09-26T21:18:52","guid":{"rendered":"https:\/\/biogenesisfarmacia.com\/?post_type=product&#038;p=6138"},"modified":"2026-03-03T21:12:55","modified_gmt":"2026-03-03T21:12:55","slug":"artres-60-caps","status":"publish","type":"product","link":"https:\/\/biogenesisfarmacia.com\/index.php\/producto\/artres-60-caps\/","title":{"rendered":"Artres 60 caps"},"content":{"rendered":"<p><strong>Contraindicaciones, precauciones y advertencias:<\/strong><\/p>\n<p>Embarazo, lactancia, pacientes anticoagulados (warfarina, enoxoparina o similares), hipersensibilidad a<br \/>\nalguno de los componentes.<\/p>\n","protected":false},"excerpt":{"rendered":"<p>ARTRES c\u00e1psulas cuenta con una asociaci\u00f3n \u00fanica de componentes vegetales y minerales como c\u00farcuma,<br \/>\ncanela, magnesio para el alivio eficiente del dolor.<\/p>\n<p><strong>Dolor agudo:<\/strong> lumbalgias, tendinitis, bursitis, codo de<br \/>\ntenista, t\u00fanel del carpo, c\u00f3lico menstrual y dolor en<br \/>\ngeneral.<br \/>\n<strong>Dolor cr\u00f3nico:<\/strong> artritis, artrosis,neuropat\u00eda diab\u00e9tica, fibromialgias y migra\u00f1a.<\/p>\n<p>&nbsp;<\/p>\n","protected":false},"featured_media":6180,"template":"","meta":{"_joinchat":[]},"product_brand":[],"product_cat":[58,51,330],"product_tag":[],"class_list":{"0":"post-6138","1":"product","2":"type-product","3":"status-publish","4":"has-post-thumbnail","6":"product_cat-mas-vendidos","7":"product_cat-natural-care","8":"product_cat-productos","10":"first","11":"instock","12":"taxable","13":"shipping-taxable","14":"purchasable","15":"product-type-simple"},"yoast_head":"<!-- This site is optimized with the Yoast SEO plugin v26.8 - https:\/\/yoast.com\/product\/yoast-seo-wordpress\/ -->\n<title>Artres 60 caps - Biog\u00e9nesis<\/title>\n<meta name=\"robots\" content=\"index, follow, max-snippet:-1, max-image-preview:large, max-video-preview:-1\" \/>\n<link rel=\"canonical\" href=\"https:\/\/biogenesisfarmacia.com\/index.php\/producto\/artres-60-caps\/\" \/>\n<meta property=\"og:locale\" content=\"es_ES\" \/>\n<meta property=\"og:type\" content=\"article\" \/>\n<meta property=\"og:title\" content=\"Artres 60 caps - Biog\u00e9nesis\" \/>\n<meta property=\"og:description\" content=\"ARTRES c\u00e1psulas cuenta con una asociaci\u00f3n \u00fanica de componentes vegetales y minerales como c\u00farcuma, canela, magnesio para el alivio eficiente del dolor.  Dolor agudo: lumbalgias, tendinitis, bursitis, codo de tenista, t\u00fanel del carpo, c\u00f3lico menstrual y dolor en general. Dolor cr\u00f3nico: artritis, artrosis,neuropat\u00eda diab\u00e9tica, fibromialgias y migra\u00f1a.  &nbsp;\" \/>\n<meta property=\"og:url\" content=\"https:\/\/biogenesisfarmacia.com\/index.php\/producto\/artres-60-caps\/\" \/>\n<meta property=\"og:site_name\" content=\"Biog\u00e9nesis\" \/>\n<meta property=\"article:publisher\" content=\"https:\/\/www.facebook.com\/biogenesisfarmacia\/\" \/>\n<meta property=\"article:modified_time\" content=\"2026-03-03T21:12:55+00:00\" \/>\n<meta property=\"og:image\" content=\"https:\/\/biogenesisfarmacia.com\/wp-content\/uploads\/2023\/09\/13.webp\" \/>\n\t<meta property=\"og:image:width\" content=\"1000\" \/>\n\t<meta property=\"og:image:height\" content=\"1000\" \/>\n\t<meta property=\"og:image:type\" content=\"image\/webp\" \/>\n<meta name=\"twitter:card\" content=\"summary_large_image\" \/>\n<meta name=\"twitter:label1\" content=\"Tiempo de lectura\" \/>\n\t<meta name=\"twitter:data1\" content=\"1 minuto\" \/>\n<script type=\"application\/ld+json\" class=\"yoast-schema-graph\">{\"@context\":\"https:\/\/schema.org\",\"@graph\":[{\"@type\":\"WebPage\",\"@id\":\"https:\/\/biogenesisfarmacia.com\/index.php\/producto\/artres-60-caps\/\",\"url\":\"https:\/\/biogenesisfarmacia.com\/index.php\/producto\/artres-60-caps\/\",\"name\":\"Artres 60 caps - Biog\u00e9nesis\",\"isPartOf\":{\"@id\":\"https:\/\/biogenesisfarmacia.com\/#website\"},\"primaryImageOfPage\":{\"@id\":\"https:\/\/biogenesisfarmacia.com\/index.php\/producto\/artres-60-caps\/#primaryimage\"},\"image\":{\"@id\":\"https:\/\/biogenesisfarmacia.com\/index.php\/producto\/artres-60-caps\/#primaryimage\"},\"thumbnailUrl\":\"https:\/\/biogenesisfarmacia.com\/wp-content\/uploads\/2023\/09\/13.webp\",\"datePublished\":\"2023-09-26T21:18:52+00:00\",\"dateModified\":\"2026-03-03T21:12:55+00:00\",\"breadcrumb\":{\"@id\":\"https:\/\/biogenesisfarmacia.com\/index.php\/producto\/artres-60-caps\/#breadcrumb\"},\"inLanguage\":\"es\",\"potentialAction\":[{\"@type\":\"ReadAction\",\"target\":[\"https:\/\/biogenesisfarmacia.com\/index.php\/producto\/artres-60-caps\/\"]}]},{\"@type\":\"ImageObject\",\"inLanguage\":\"es\",\"@id\":\"https:\/\/biogenesisfarmacia.com\/index.php\/producto\/artres-60-caps\/#primaryimage\",\"url\":\"https:\/\/biogenesisfarmacia.com\/wp-content\/uploads\/2023\/09\/13.webp\",\"contentUrl\":\"https:\/\/biogenesisfarmacia.com\/wp-content\/uploads\/2023\/09\/13.webp\",\"width\":1000,\"height\":1000},{\"@type\":\"BreadcrumbList\",\"@id\":\"https:\/\/biogenesisfarmacia.com\/index.php\/producto\/artres-60-caps\/#breadcrumb\",\"itemListElement\":[{\"@type\":\"ListItem\",\"position\":1,\"name\":\"Inicio\",\"item\":\"https:\/\/biogenesisfarmacia.com\/\"},{\"@type\":\"ListItem\",\"position\":2,\"name\":\"Tienda\",\"item\":\"https:\/\/biogenesisfarmacia.com\/index.php\/tienda\/\"},{\"@type\":\"ListItem\",\"position\":3,\"name\":\"Artres 60 caps\"}]},{\"@type\":\"WebSite\",\"@id\":\"https:\/\/biogenesisfarmacia.com\/#website\",\"url\":\"https:\/\/biogenesisfarmacia.com\/\",\"name\":\"biogenesisfarmacia.com\",\"description\":\"Farmacia Homeopatica\",\"publisher\":{\"@id\":\"https:\/\/biogenesisfarmacia.com\/#organization\"},\"potentialAction\":[{\"@type\":\"SearchAction\",\"target\":{\"@type\":\"EntryPoint\",\"urlTemplate\":\"https:\/\/biogenesisfarmacia.com\/?s={search_term_string}\"},\"query-input\":{\"@type\":\"PropertyValueSpecification\",\"valueRequired\":true,\"valueName\":\"search_term_string\"}}],\"inLanguage\":\"es\"},{\"@type\":\"Organization\",\"@id\":\"https:\/\/biogenesisfarmacia.com\/#organization\",\"name\":\"Biogenesis\",\"url\":\"https:\/\/biogenesisfarmacia.com\/\",\"logo\":{\"@type\":\"ImageObject\",\"inLanguage\":\"es\",\"@id\":\"https:\/\/biogenesisfarmacia.com\/#\/schema\/logo\/image\/\",\"url\":\"https:\/\/biogenesisfarmacia.com\/wp-content\/uploads\/2026\/01\/cropped-logo_alta.png\",\"contentUrl\":\"https:\/\/biogenesisfarmacia.com\/wp-content\/uploads\/2026\/01\/cropped-logo_alta.png\",\"width\":1024,\"height\":611,\"caption\":\"Biogenesis\"},\"image\":{\"@id\":\"https:\/\/biogenesisfarmacia.com\/#\/schema\/logo\/image\/\"},\"sameAs\":[\"https:\/\/www.facebook.com\/biogenesisfarmacia\/\",\"https:\/\/www.instagram.com\/biogenesisfarmacia\/\",\"https:\/\/www.tiktok.com\/@biogenesisfarmacia?lang=es\"]}]}<\/script>\n<!-- \/ Yoast SEO plugin. -->","yoast_head_json":{"title":"Artres 60 caps - Biog\u00e9nesis","robots":{"index":"index","follow":"follow","max-snippet":"max-snippet:-1","max-image-preview":"max-image-preview:large","max-video-preview":"max-video-preview:-1"},"canonical":"https:\/\/biogenesisfarmacia.com\/index.php\/producto\/artres-60-caps\/","og_locale":"es_ES","og_type":"article","og_title":"Artres 60 caps - Biog\u00e9nesis","og_description":"ARTRES c\u00e1psulas cuenta con una asociaci\u00f3n \u00fanica de componentes vegetales y minerales como c\u00farcuma, canela, magnesio para el alivio eficiente del dolor.  Dolor agudo: lumbalgias, tendinitis, bursitis, codo de tenista, t\u00fanel del carpo, c\u00f3lico menstrual y dolor en general. Dolor cr\u00f3nico: artritis, artrosis,neuropat\u00eda diab\u00e9tica, fibromialgias y migra\u00f1a.  &nbsp;","og_url":"https:\/\/biogenesisfarmacia.com\/index.php\/producto\/artres-60-caps\/","og_site_name":"Biog\u00e9nesis","article_publisher":"https:\/\/www.facebook.com\/biogenesisfarmacia\/","article_modified_time":"2026-03-03T21:12:55+00:00","og_image":[{"width":1000,"height":1000,"url":"https:\/\/biogenesisfarmacia.com\/wp-content\/uploads\/2023\/09\/13.webp","type":"image\/webp"}],"twitter_card":"summary_large_image","twitter_misc":{"Tiempo de lectura":"1 minuto"},"schema":{"@context":"https:\/\/schema.org","@graph":[{"@type":"WebPage","@id":"https:\/\/biogenesisfarmacia.com\/index.php\/producto\/artres-60-caps\/","url":"https:\/\/biogenesisfarmacia.com\/index.php\/producto\/artres-60-caps\/","name":"Artres 60 caps - Biog\u00e9nesis","isPartOf":{"@id":"https:\/\/biogenesisfarmacia.com\/#website"},"primaryImageOfPage":{"@id":"https:\/\/biogenesisfarmacia.com\/index.php\/producto\/artres-60-caps\/#primaryimage"},"image":{"@id":"https:\/\/biogenesisfarmacia.com\/index.php\/producto\/artres-60-caps\/#primaryimage"},"thumbnailUrl":"https:\/\/biogenesisfarmacia.com\/wp-content\/uploads\/2023\/09\/13.webp","datePublished":"2023-09-26T21:18:52+00:00","dateModified":"2026-03-03T21:12:55+00:00","breadcrumb":{"@id":"https:\/\/biogenesisfarmacia.com\/index.php\/producto\/artres-60-caps\/#breadcrumb"},"inLanguage":"es","potentialAction":[{"@type":"ReadAction","target":["https:\/\/biogenesisfarmacia.com\/index.php\/producto\/artres-60-caps\/"]}]},{"@type":"ImageObject","inLanguage":"es","@id":"https:\/\/biogenesisfarmacia.com\/index.php\/producto\/artres-60-caps\/#primaryimage","url":"https:\/\/biogenesisfarmacia.com\/wp-content\/uploads\/2023\/09\/13.webp","contentUrl":"https:\/\/biogenesisfarmacia.com\/wp-content\/uploads\/2023\/09\/13.webp","width":1000,"height":1000},{"@type":"BreadcrumbList","@id":"https:\/\/biogenesisfarmacia.com\/index.php\/producto\/artres-60-caps\/#breadcrumb","itemListElement":[{"@type":"ListItem","position":1,"name":"Inicio","item":"https:\/\/biogenesisfarmacia.com\/"},{"@type":"ListItem","position":2,"name":"Tienda","item":"https:\/\/biogenesisfarmacia.com\/index.php\/tienda\/"},{"@type":"ListItem","position":3,"name":"Artres 60 caps"}]},{"@type":"WebSite","@id":"https:\/\/biogenesisfarmacia.com\/#website","url":"https:\/\/biogenesisfarmacia.com\/","name":"biogenesisfarmacia.com","description":"Farmacia Homeopatica","publisher":{"@id":"https:\/\/biogenesisfarmacia.com\/#organization"},"potentialAction":[{"@type":"SearchAction","target":{"@type":"EntryPoint","urlTemplate":"https:\/\/biogenesisfarmacia.com\/?s={search_term_string}"},"query-input":{"@type":"PropertyValueSpecification","valueRequired":true,"valueName":"search_term_string"}}],"inLanguage":"es"},{"@type":"Organization","@id":"https:\/\/biogenesisfarmacia.com\/#organization","name":"Biogenesis","url":"https:\/\/biogenesisfarmacia.com\/","logo":{"@type":"ImageObject","inLanguage":"es","@id":"https:\/\/biogenesisfarmacia.com\/#\/schema\/logo\/image\/","url":"https:\/\/biogenesisfarmacia.com\/wp-content\/uploads\/2026\/01\/cropped-logo_alta.png","contentUrl":"https:\/\/biogenesisfarmacia.com\/wp-content\/uploads\/2026\/01\/cropped-logo_alta.png","width":1024,"height":611,"caption":"Biogenesis"},"image":{"@id":"https:\/\/biogenesisfarmacia.com\/#\/schema\/logo\/image\/"},"sameAs":["https:\/\/www.facebook.com\/biogenesisfarmacia\/","https:\/\/www.instagram.com\/biogenesisfarmacia\/","https:\/\/www.tiktok.com\/@biogenesisfarmacia?lang=es"]}]}},"_links":{"self":[{"href":"https:\/\/biogenesisfarmacia.com\/index.php\/wp-json\/wp\/v2\/product\/6138","targetHints":{"allow":["GET"]}}],"collection":[{"href":"https:\/\/biogenesisfarmacia.com\/index.php\/wp-json\/wp\/v2\/product"}],"about":[{"href":"https:\/\/biogenesisfarmacia.com\/index.php\/wp-json\/wp\/v2\/types\/product"}],"version-history":[{"count":1,"href":"https:\/\/biogenesisfarmacia.com\/index.php\/wp-json\/wp\/v2\/product\/6138\/revisions"}],"predecessor-version":[{"id":7891,"href":"https:\/\/biogenesisfarmacia.com\/index.php\/wp-json\/wp\/v2\/product\/6138\/revisions\/7891"}],"wp:featuredmedia":[{"embeddable":true,"href":"https:\/\/biogenesisfarmacia.com\/index.php\/wp-json\/wp\/v2\/media\/6180"}],"wp:attachment":[{"href":"https:\/\/biogenesisfarmacia.com\/index.php\/wp-json\/wp\/v2\/media?parent=6138"}],"wp:term":[{"taxonomy":"product_brand","embeddable":true,"href":"https:\/\/biogenesisfarmacia.com\/index.php\/wp-json\/wp\/v2\/product_brand?post=6138"},{"taxonomy":"product_cat","embeddable":true,"href":"https:\/\/biogenesisfarmacia.com\/index.php\/wp-json\/wp\/v2\/product_cat?post=6138"},{"taxonomy":"product_tag","embeddable":true,"href":"https:\/\/biogenesisfarmacia.com\/index.php\/wp-json\/wp\/v2\/product_tag?post=6138"}],"curies":[{"name":"wp","href":"https:\/\/api.w.org\/{rel}","templated":true}]}}