{"id":6316,"date":"2023-09-28T14:54:31","date_gmt":"2023-09-28T14:54:31","guid":{"rendered":"https:\/\/biogenesisfarmacia.com\/?post_type=product&#038;p=6316"},"modified":"2026-03-03T21:15:39","modified_gmt":"2026-03-03T21:15:39","slug":"nissiplat-crema","status":"publish","type":"product","link":"https:\/\/biogenesisfarmacia.com\/index.php\/producto\/nissiplat-crema\/","title":{"rendered":"Nissiplat crema 120g"},"content":{"rendered":"<p>Te recomendamos en cualquier caso consultar con tu m\u00e9dico de confianza, el uso de este producto se debe hacer bajo supervisi\u00f3n de un profesional de la salud.<\/p>\n","protected":false},"excerpt":{"rendered":"<p>Elaborada con extractos naturales de cal\u00e9ndula, musa paradisiaca y Gualanday. Regenera la piel y disminuye el tama\u00f1o, textura y color de las estr\u00edas y cicatrices de cirug\u00edas, cortaduras, rasgu\u00f1os, quemaduras y acn\u00e9.<\/p>\n","protected":false},"featured_media":6317,"template":"","meta":{"_joinchat":[]},"product_brand":[],"product_cat":[15,330],"product_tag":[],"class_list":{"0":"post-6316","1":"product","2":"type-product","3":"status-publish","4":"has-post-thumbnail","6":"product_cat-biogenesis","7":"product_cat-productos","9":"first","10":"instock","11":"taxable","12":"shipping-taxable","13":"purchasable","14":"product-type-simple"},"yoast_head":"<!-- This site is optimized with the Yoast SEO plugin v26.8 - https:\/\/yoast.com\/product\/yoast-seo-wordpress\/ -->\n<title>Nissiplat crema 120g - Biog\u00e9nesis<\/title>\n<meta name=\"robots\" content=\"index, follow, max-snippet:-1, max-image-preview:large, max-video-preview:-1\" \/>\n<link rel=\"canonical\" href=\"https:\/\/biogenesisfarmacia.com\/index.php\/producto\/nissiplat-crema\/\" \/>\n<meta property=\"og:locale\" content=\"es_ES\" \/>\n<meta property=\"og:type\" content=\"article\" \/>\n<meta property=\"og:title\" content=\"Nissiplat crema 120g - Biog\u00e9nesis\" \/>\n<meta property=\"og:description\" content=\"Elaborada con extractos naturales de cal\u00e9ndula, musa paradisiaca y Gualanday. Regenera la piel y disminuye el tama\u00f1o, textura y color de las estr\u00edas y cicatrices de cirug\u00edas, cortaduras, rasgu\u00f1os, quemaduras y acn\u00e9.\" \/>\n<meta property=\"og:url\" content=\"https:\/\/biogenesisfarmacia.com\/index.php\/producto\/nissiplat-crema\/\" \/>\n<meta property=\"og:site_name\" content=\"Biog\u00e9nesis\" \/>\n<meta property=\"article:publisher\" content=\"https:\/\/www.facebook.com\/biogenesisfarmacia\/\" \/>\n<meta property=\"article:modified_time\" content=\"2026-03-03T21:15:39+00:00\" \/>\n<meta property=\"og:image\" content=\"https:\/\/biogenesisfarmacia.com\/wp-content\/uploads\/2023\/09\/Nissiplat-Crema.webp\" \/>\n\t<meta property=\"og:image:width\" content=\"2500\" \/>\n\t<meta property=\"og:image:height\" content=\"2500\" \/>\n\t<meta property=\"og:image:type\" content=\"image\/webp\" \/>\n<meta name=\"twitter:card\" content=\"summary_large_image\" \/>\n<meta name=\"twitter:label1\" content=\"Tiempo de lectura\" \/>\n\t<meta name=\"twitter:data1\" content=\"1 minuto\" \/>\n<script type=\"application\/ld+json\" class=\"yoast-schema-graph\">{\"@context\":\"https:\/\/schema.org\",\"@graph\":[{\"@type\":\"WebPage\",\"@id\":\"https:\/\/biogenesisfarmacia.com\/index.php\/producto\/nissiplat-crema\/\",\"url\":\"https:\/\/biogenesisfarmacia.com\/index.php\/producto\/nissiplat-crema\/\",\"name\":\"Nissiplat crema 120g - Biog\u00e9nesis\",\"isPartOf\":{\"@id\":\"https:\/\/biogenesisfarmacia.com\/#website\"},\"primaryImageOfPage\":{\"@id\":\"https:\/\/biogenesisfarmacia.com\/index.php\/producto\/nissiplat-crema\/#primaryimage\"},\"image\":{\"@id\":\"https:\/\/biogenesisfarmacia.com\/index.php\/producto\/nissiplat-crema\/#primaryimage\"},\"thumbnailUrl\":\"https:\/\/biogenesisfarmacia.com\/wp-content\/uploads\/2023\/09\/Nissiplat-Crema.webp\",\"datePublished\":\"2023-09-28T14:54:31+00:00\",\"dateModified\":\"2026-03-03T21:15:39+00:00\",\"breadcrumb\":{\"@id\":\"https:\/\/biogenesisfarmacia.com\/index.php\/producto\/nissiplat-crema\/#breadcrumb\"},\"inLanguage\":\"es\",\"potentialAction\":[{\"@type\":\"ReadAction\",\"target\":[\"https:\/\/biogenesisfarmacia.com\/index.php\/producto\/nissiplat-crema\/\"]}]},{\"@type\":\"ImageObject\",\"inLanguage\":\"es\",\"@id\":\"https:\/\/biogenesisfarmacia.com\/index.php\/producto\/nissiplat-crema\/#primaryimage\",\"url\":\"https:\/\/biogenesisfarmacia.com\/wp-content\/uploads\/2023\/09\/Nissiplat-Crema.webp\",\"contentUrl\":\"https:\/\/biogenesisfarmacia.com\/wp-content\/uploads\/2023\/09\/Nissiplat-Crema.webp\",\"width\":2500,\"height\":2500},{\"@type\":\"BreadcrumbList\",\"@id\":\"https:\/\/biogenesisfarmacia.com\/index.php\/producto\/nissiplat-crema\/#breadcrumb\",\"itemListElement\":[{\"@type\":\"ListItem\",\"position\":1,\"name\":\"Inicio\",\"item\":\"https:\/\/biogenesisfarmacia.com\/\"},{\"@type\":\"ListItem\",\"position\":2,\"name\":\"Tienda\",\"item\":\"https:\/\/biogenesisfarmacia.com\/index.php\/tienda\/\"},{\"@type\":\"ListItem\",\"position\":3,\"name\":\"Nissiplat crema 120g\"}]},{\"@type\":\"WebSite\",\"@id\":\"https:\/\/biogenesisfarmacia.com\/#website\",\"url\":\"https:\/\/biogenesisfarmacia.com\/\",\"name\":\"biogenesisfarmacia.com\",\"description\":\"Farmacia Homeopatica\",\"publisher\":{\"@id\":\"https:\/\/biogenesisfarmacia.com\/#organization\"},\"potentialAction\":[{\"@type\":\"SearchAction\",\"target\":{\"@type\":\"EntryPoint\",\"urlTemplate\":\"https:\/\/biogenesisfarmacia.com\/?s={search_term_string}\"},\"query-input\":{\"@type\":\"PropertyValueSpecification\",\"valueRequired\":true,\"valueName\":\"search_term_string\"}}],\"inLanguage\":\"es\"},{\"@type\":\"Organization\",\"@id\":\"https:\/\/biogenesisfarmacia.com\/#organization\",\"name\":\"Biogenesis\",\"url\":\"https:\/\/biogenesisfarmacia.com\/\",\"logo\":{\"@type\":\"ImageObject\",\"inLanguage\":\"es\",\"@id\":\"https:\/\/biogenesisfarmacia.com\/#\/schema\/logo\/image\/\",\"url\":\"https:\/\/biogenesisfarmacia.com\/wp-content\/uploads\/2026\/01\/cropped-logo_alta.png\",\"contentUrl\":\"https:\/\/biogenesisfarmacia.com\/wp-content\/uploads\/2026\/01\/cropped-logo_alta.png\",\"width\":1024,\"height\":611,\"caption\":\"Biogenesis\"},\"image\":{\"@id\":\"https:\/\/biogenesisfarmacia.com\/#\/schema\/logo\/image\/\"},\"sameAs\":[\"https:\/\/www.facebook.com\/biogenesisfarmacia\/\",\"https:\/\/www.instagram.com\/biogenesisfarmacia\/\",\"https:\/\/www.tiktok.com\/@biogenesisfarmacia?lang=es\"]}]}<\/script>\n<!-- \/ Yoast SEO plugin. -->","yoast_head_json":{"title":"Nissiplat crema 120g - Biog\u00e9nesis","robots":{"index":"index","follow":"follow","max-snippet":"max-snippet:-1","max-image-preview":"max-image-preview:large","max-video-preview":"max-video-preview:-1"},"canonical":"https:\/\/biogenesisfarmacia.com\/index.php\/producto\/nissiplat-crema\/","og_locale":"es_ES","og_type":"article","og_title":"Nissiplat crema 120g - Biog\u00e9nesis","og_description":"Elaborada con extractos naturales de cal\u00e9ndula, musa paradisiaca y Gualanday. Regenera la piel y disminuye el tama\u00f1o, textura y color de las estr\u00edas y cicatrices de cirug\u00edas, cortaduras, rasgu\u00f1os, quemaduras y acn\u00e9.","og_url":"https:\/\/biogenesisfarmacia.com\/index.php\/producto\/nissiplat-crema\/","og_site_name":"Biog\u00e9nesis","article_publisher":"https:\/\/www.facebook.com\/biogenesisfarmacia\/","article_modified_time":"2026-03-03T21:15:39+00:00","og_image":[{"width":2500,"height":2500,"url":"https:\/\/biogenesisfarmacia.com\/wp-content\/uploads\/2023\/09\/Nissiplat-Crema.webp","type":"image\/webp"}],"twitter_card":"summary_large_image","twitter_misc":{"Tiempo de lectura":"1 minuto"},"schema":{"@context":"https:\/\/schema.org","@graph":[{"@type":"WebPage","@id":"https:\/\/biogenesisfarmacia.com\/index.php\/producto\/nissiplat-crema\/","url":"https:\/\/biogenesisfarmacia.com\/index.php\/producto\/nissiplat-crema\/","name":"Nissiplat crema 120g - Biog\u00e9nesis","isPartOf":{"@id":"https:\/\/biogenesisfarmacia.com\/#website"},"primaryImageOfPage":{"@id":"https:\/\/biogenesisfarmacia.com\/index.php\/producto\/nissiplat-crema\/#primaryimage"},"image":{"@id":"https:\/\/biogenesisfarmacia.com\/index.php\/producto\/nissiplat-crema\/#primaryimage"},"thumbnailUrl":"https:\/\/biogenesisfarmacia.com\/wp-content\/uploads\/2023\/09\/Nissiplat-Crema.webp","datePublished":"2023-09-28T14:54:31+00:00","dateModified":"2026-03-03T21:15:39+00:00","breadcrumb":{"@id":"https:\/\/biogenesisfarmacia.com\/index.php\/producto\/nissiplat-crema\/#breadcrumb"},"inLanguage":"es","potentialAction":[{"@type":"ReadAction","target":["https:\/\/biogenesisfarmacia.com\/index.php\/producto\/nissiplat-crema\/"]}]},{"@type":"ImageObject","inLanguage":"es","@id":"https:\/\/biogenesisfarmacia.com\/index.php\/producto\/nissiplat-crema\/#primaryimage","url":"https:\/\/biogenesisfarmacia.com\/wp-content\/uploads\/2023\/09\/Nissiplat-Crema.webp","contentUrl":"https:\/\/biogenesisfarmacia.com\/wp-content\/uploads\/2023\/09\/Nissiplat-Crema.webp","width":2500,"height":2500},{"@type":"BreadcrumbList","@id":"https:\/\/biogenesisfarmacia.com\/index.php\/producto\/nissiplat-crema\/#breadcrumb","itemListElement":[{"@type":"ListItem","position":1,"name":"Inicio","item":"https:\/\/biogenesisfarmacia.com\/"},{"@type":"ListItem","position":2,"name":"Tienda","item":"https:\/\/biogenesisfarmacia.com\/index.php\/tienda\/"},{"@type":"ListItem","position":3,"name":"Nissiplat crema 120g"}]},{"@type":"WebSite","@id":"https:\/\/biogenesisfarmacia.com\/#website","url":"https:\/\/biogenesisfarmacia.com\/","name":"biogenesisfarmacia.com","description":"Farmacia Homeopatica","publisher":{"@id":"https:\/\/biogenesisfarmacia.com\/#organization"},"potentialAction":[{"@type":"SearchAction","target":{"@type":"EntryPoint","urlTemplate":"https:\/\/biogenesisfarmacia.com\/?s={search_term_string}"},"query-input":{"@type":"PropertyValueSpecification","valueRequired":true,"valueName":"search_term_string"}}],"inLanguage":"es"},{"@type":"Organization","@id":"https:\/\/biogenesisfarmacia.com\/#organization","name":"Biogenesis","url":"https:\/\/biogenesisfarmacia.com\/","logo":{"@type":"ImageObject","inLanguage":"es","@id":"https:\/\/biogenesisfarmacia.com\/#\/schema\/logo\/image\/","url":"https:\/\/biogenesisfarmacia.com\/wp-content\/uploads\/2026\/01\/cropped-logo_alta.png","contentUrl":"https:\/\/biogenesisfarmacia.com\/wp-content\/uploads\/2026\/01\/cropped-logo_alta.png","width":1024,"height":611,"caption":"Biogenesis"},"image":{"@id":"https:\/\/biogenesisfarmacia.com\/#\/schema\/logo\/image\/"},"sameAs":["https:\/\/www.facebook.com\/biogenesisfarmacia\/","https:\/\/www.instagram.com\/biogenesisfarmacia\/","https:\/\/www.tiktok.com\/@biogenesisfarmacia?lang=es"]}]}},"_links":{"self":[{"href":"https:\/\/biogenesisfarmacia.com\/index.php\/wp-json\/wp\/v2\/product\/6316","targetHints":{"allow":["GET"]}}],"collection":[{"href":"https:\/\/biogenesisfarmacia.com\/index.php\/wp-json\/wp\/v2\/product"}],"about":[{"href":"https:\/\/biogenesisfarmacia.com\/index.php\/wp-json\/wp\/v2\/types\/product"}],"version-history":[{"count":1,"href":"https:\/\/biogenesisfarmacia.com\/index.php\/wp-json\/wp\/v2\/product\/6316\/revisions"}],"predecessor-version":[{"id":7883,"href":"https:\/\/biogenesisfarmacia.com\/index.php\/wp-json\/wp\/v2\/product\/6316\/revisions\/7883"}],"wp:featuredmedia":[{"embeddable":true,"href":"https:\/\/biogenesisfarmacia.com\/index.php\/wp-json\/wp\/v2\/media\/6317"}],"wp:attachment":[{"href":"https:\/\/biogenesisfarmacia.com\/index.php\/wp-json\/wp\/v2\/media?parent=6316"}],"wp:term":[{"taxonomy":"product_brand","embeddable":true,"href":"https:\/\/biogenesisfarmacia.com\/index.php\/wp-json\/wp\/v2\/product_brand?post=6316"},{"taxonomy":"product_cat","embeddable":true,"href":"https:\/\/biogenesisfarmacia.com\/index.php\/wp-json\/wp\/v2\/product_cat?post=6316"},{"taxonomy":"product_tag","embeddable":true,"href":"https:\/\/biogenesisfarmacia.com\/index.php\/wp-json\/wp\/v2\/product_tag?post=6316"}],"curies":[{"name":"wp","href":"https:\/\/api.w.org\/{rel}","templated":true}]}}